{"id":18557,"date":"2016-08-31T00:18:10","date_gmt":"2016-08-30T22:18:10","guid":{"rendered":"https:\/\/bcwd11.bookerclub.com\/fr\/reservas\/"},"modified":"2024-04-08T17:53:32","modified_gmt":"2024-04-08T15:53:32","slug":"reservations","status":"publish","type":"page","link":"https:\/\/www.aparthotelcampus.es\/fr\/reservations\/","title":{"rendered":"R\u00e9serves"},"content":{"rendered":"","protected":false},"excerpt":{"rendered":"","protected":false},"author":6,"featured_media":0,"parent":0,"menu_order":0,"comment_status":"closed","ping_status":"closed","template":"template-reservas.php","meta":{"footnotes":""},"class_list":["post-18557","page","type-page","status-publish"],"yoast_head":"<!-- This site is optimized with the Yoast SEO plugin v26.1.1 - https:\/\/yoast.com\/wordpress\/plugins\/seo\/ -->\n<title>R\u00e9servations Aparthotel Campus \u00e0 Oviedo \u00ae SITE OFFICIEL<\/title>\n<meta name=\"description\" content=\"R\u00e9servez directement sur le SITE OFFICIEL de l\u2019Aparthotel Campus \u00ae , \u00e0 Oviedo, sans interm\u00e9diaires, avec des r\u00e9ductions sp\u00e9ciales et au meilleur prix.\" \/>\n<meta name=\"robots\" content=\"index, follow, max-snippet:-1, max-image-preview:large, max-video-preview:-1\" \/>\n<link rel=\"canonical\" href=\"https:\/\/www.aparthotelcampus.es\/fr\/reservations\/\" \/>\n<meta property=\"og:locale\" content=\"fr_FR\" \/>\n<meta property=\"og:type\" content=\"article\" \/>\n<meta property=\"og:title\" content=\"R\u00e9servations Aparthotel Campus \u00e0 Oviedo \u00ae SITE OFFICIEL\" \/>\n<meta property=\"og:description\" content=\"R\u00e9servez directement sur le SITE OFFICIEL de l\u2019Aparthotel Campus \u00ae , \u00e0 Oviedo, sans interm\u00e9diaires, avec des r\u00e9ductions sp\u00e9ciales et au meilleur prix.\" \/>\n<meta property=\"og:url\" content=\"https:\/\/www.aparthotelcampus.es\/fr\/reservations\/\" \/>\n<meta property=\"og:site_name\" content=\"Aparthotel Campus\" \/>\n<meta property=\"article:modified_time\" content=\"2024-04-08T15:53:32+00:00\" \/>\n<meta name=\"twitter:card\" content=\"summary_large_image\" \/>\n<script type=\"application\/ld+json\" class=\"yoast-schema-graph\">{\"@context\":\"https:\/\/schema.org\",\"@graph\":[{\"@type\":\"WebPage\",\"@id\":\"https:\/\/www.aparthotelcampus.es\/fr\/reservations\/\",\"url\":\"https:\/\/www.aparthotelcampus.es\/fr\/reservations\/\",\"name\":\"R\u00e9servations Aparthotel Campus \u00e0 Oviedo \u00ae SITE OFFICIEL\",\"isPartOf\":{\"@id\":\"https:\/\/www.aparthotelcampus.es\/fr\/#website\"},\"datePublished\":\"2016-08-30T22:18:10+00:00\",\"dateModified\":\"2024-04-08T15:53:32+00:00\",\"description\":\"R\u00e9servez directement sur le SITE OFFICIEL de l\u2019Aparthotel Campus \u00ae , \u00e0 Oviedo, sans interm\u00e9diaires, avec des r\u00e9ductions sp\u00e9ciales et au meilleur prix.\",\"breadcrumb\":{\"@id\":\"https:\/\/www.aparthotelcampus.es\/fr\/reservations\/#breadcrumb\"},\"inLanguage\":\"fr-FR\",\"potentialAction\":[{\"@type\":\"ReadAction\",\"target\":[\"https:\/\/www.aparthotelcampus.es\/fr\/reservations\/\"]}]},{\"@type\":\"BreadcrumbList\",\"@id\":\"https:\/\/www.aparthotelcampus.es\/fr\/reservations\/#breadcrumb\",\"itemListElement\":[{\"@type\":\"ListItem\",\"position\":1,\"name\":\"Portada\",\"item\":\"https:\/\/www.aparthotelcampus.es\/fr\/lhotel\/\"},{\"@type\":\"ListItem\",\"position\":2,\"name\":\"R\u00e9serves\"}]},{\"@type\":\"WebSite\",\"@id\":\"https:\/\/www.aparthotelcampus.es\/fr\/#website\",\"url\":\"https:\/\/www.aparthotelcampus.es\/fr\/\",\"name\":\"Aparthotel Campus\",\"description\":\"Aparthotel Campus\",\"potentialAction\":[{\"@type\":\"SearchAction\",\"target\":{\"@type\":\"EntryPoint\",\"urlTemplate\":\"https:\/\/www.aparthotelcampus.es\/fr\/?s={search_term_string}\"},\"query-input\":{\"@type\":\"PropertyValueSpecification\",\"valueRequired\":true,\"valueName\":\"search_term_string\"}}],\"inLanguage\":\"fr-FR\"}]}<\/script>\n<!-- \/ Yoast SEO plugin. -->","yoast_head_json":{"title":"R\u00e9servations Aparthotel Campus \u00e0 Oviedo \u00ae SITE OFFICIEL","description":"R\u00e9servez directement sur le SITE OFFICIEL de l\u2019Aparthotel Campus \u00ae , \u00e0 Oviedo, sans interm\u00e9diaires, avec des r\u00e9ductions sp\u00e9ciales et au meilleur prix.","robots":{"index":"index","follow":"follow","max-snippet":"max-snippet:-1","max-image-preview":"max-image-preview:large","max-video-preview":"max-video-preview:-1"},"canonical":"https:\/\/www.aparthotelcampus.es\/fr\/reservations\/","og_locale":"fr_FR","og_type":"article","og_title":"R\u00e9servations Aparthotel Campus \u00e0 Oviedo \u00ae SITE OFFICIEL","og_description":"R\u00e9servez directement sur le SITE OFFICIEL de l\u2019Aparthotel Campus \u00ae , \u00e0 Oviedo, sans interm\u00e9diaires, avec des r\u00e9ductions sp\u00e9ciales et au meilleur prix.","og_url":"https:\/\/www.aparthotelcampus.es\/fr\/reservations\/","og_site_name":"Aparthotel Campus","article_modified_time":"2024-04-08T15:53:32+00:00","twitter_card":"summary_large_image","schema":{"@context":"https:\/\/schema.org","@graph":[{"@type":"WebPage","@id":"https:\/\/www.aparthotelcampus.es\/fr\/reservations\/","url":"https:\/\/www.aparthotelcampus.es\/fr\/reservations\/","name":"R\u00e9servations Aparthotel Campus \u00e0 Oviedo \u00ae SITE OFFICIEL","isPartOf":{"@id":"https:\/\/www.aparthotelcampus.es\/fr\/#website"},"datePublished":"2016-08-30T22:18:10+00:00","dateModified":"2024-04-08T15:53:32+00:00","description":"R\u00e9servez directement sur le SITE OFFICIEL de l\u2019Aparthotel Campus \u00ae , \u00e0 Oviedo, sans interm\u00e9diaires, avec des r\u00e9ductions sp\u00e9ciales et au meilleur prix.","breadcrumb":{"@id":"https:\/\/www.aparthotelcampus.es\/fr\/reservations\/#breadcrumb"},"inLanguage":"fr-FR","potentialAction":[{"@type":"ReadAction","target":["https:\/\/www.aparthotelcampus.es\/fr\/reservations\/"]}]},{"@type":"BreadcrumbList","@id":"https:\/\/www.aparthotelcampus.es\/fr\/reservations\/#breadcrumb","itemListElement":[{"@type":"ListItem","position":1,"name":"Portada","item":"https:\/\/www.aparthotelcampus.es\/fr\/lhotel\/"},{"@type":"ListItem","position":2,"name":"R\u00e9serves"}]},{"@type":"WebSite","@id":"https:\/\/www.aparthotelcampus.es\/fr\/#website","url":"https:\/\/www.aparthotelcampus.es\/fr\/","name":"Aparthotel Campus","description":"Aparthotel Campus","potentialAction":[{"@type":"SearchAction","target":{"@type":"EntryPoint","urlTemplate":"https:\/\/www.aparthotelcampus.es\/fr\/?s={search_term_string}"},"query-input":{"@type":"PropertyValueSpecification","valueRequired":true,"valueName":"search_term_string"}}],"inLanguage":"fr-FR"}]}},"_links":{"self":[{"href":"https:\/\/www.aparthotelcampus.es\/fr\/wp-json\/wp\/v2\/pages\/18557","targetHints":{"allow":["GET"]}}],"collection":[{"href":"https:\/\/www.aparthotelcampus.es\/fr\/wp-json\/wp\/v2\/pages"}],"about":[{"href":"https:\/\/www.aparthotelcampus.es\/fr\/wp-json\/wp\/v2\/types\/page"}],"author":[{"embeddable":true,"href":"https:\/\/www.aparthotelcampus.es\/fr\/wp-json\/wp\/v2\/users\/6"}],"replies":[{"embeddable":true,"href":"https:\/\/www.aparthotelcampus.es\/fr\/wp-json\/wp\/v2\/comments?post=18557"}],"version-history":[{"count":2,"href":"https:\/\/www.aparthotelcampus.es\/fr\/wp-json\/wp\/v2\/pages\/18557\/revisions"}],"predecessor-version":[{"id":28662,"href":"https:\/\/www.aparthotelcampus.es\/fr\/wp-json\/wp\/v2\/pages\/18557\/revisions\/28662"}],"wp:attachment":[{"href":"https:\/\/www.aparthotelcampus.es\/fr\/wp-json\/wp\/v2\/media?parent=18557"}],"curies":[{"name":"wp","href":"https:\/\/api.w.org\/{rel}","templated":true}]}}