{"id":24261,"date":"2019-09-24T09:32:20","date_gmt":"2019-09-24T07:32:20","guid":{"rendered":"https:\/\/www.aparthotelcampus.es\/?page_id=24261"},"modified":"2024-04-08T20:20:43","modified_gmt":"2024-04-08T18:20:43","slug":"etudes","status":"publish","type":"page","link":"https:\/\/www.aparthotelcampus.es\/fr\/etudes\/","title":{"rendered":"Studio"},"content":{"rendered":"[vc_row type=&#8221;full_width_background&#8221; full_screen_row_position=&#8221;middle&#8221; column_margin=&#8221;default&#8221; column_direction=&#8221;default&#8221; column_direction_tablet=&#8221;default&#8221; column_direction_phone=&#8221;default&#8221; bg_color=&#8221;#e2e2e2&#8243; scene_position=&#8221;center&#8221; top_padding=&#8221;6%&#8221; text_color=&#8221;dark&#8221; text_align=&#8221;left&#8221; row_border_radius=&#8221;none&#8221; row_border_radius_applies=&#8221;bg&#8221; overflow=&#8221;visible&#8221; overlay_strength=&#8221;0.3&#8243; gradient_direction=&#8221;left_to_right&#8221; shape_divider_position=&#8221;bottom&#8221; bg_image_animation=&#8221;none&#8221; row_type=&#8221;row&#8221; use_row_as_full_screen_section=&#8221;no&#8221; angled_section=&#8221;no&#8221; background_image_as_pattern=&#8221;without_pattern&#8221; padding_top=&#8221;80&#8243; padding_bottom=&#8221;54&#8243; css_animation=&#8221;&#8221; transition_delay=&#8221;150&#8243; gradient_type=&#8221;default&#8221; shape_type=&#8221;&#8221;][vc_column column_padding=&#8221;no-extra-padding&#8221; column_padding_tablet=&#8221;inherit&#8221; column_padding_phone=&#8221;inherit&#8221; column_padding_position=&#8221;all&#8221; column_element_direction_desktop=&#8221;default&#8221; column_element_spacing=&#8221;default&#8221; desktop_text_alignment=&#8221;default&#8221; tablet_text_alignment=&#8221;default&#8221; phone_text_alignment=&#8221;default&#8221; background_color_opacity=&#8221;1&#8243; background_hover_color_opacity=&#8221;1&#8243; column_backdrop_filter=&#8221;none&#8221; column_shadow=&#8221;none&#8221; column_border_radius=&#8221;none&#8221; column_link_target=&#8221;_self&#8221; column_position=&#8221;default&#8221; gradient_direction=&#8221;left_to_right&#8221; overlay_strength=&#8221;0.3&#8243; width=&#8221;1\/1&#8243; tablet_width_inherit=&#8221;default&#8221; animation_type=&#8221;default&#8221; bg_image_animation=&#8221;none&#8221; border_type=&#8221;simple&#8221; column_border_width=&#8221;none&#8221; column_border_style=&#8221;solid&#8221;][vc_column_text]\n<h2 style=\"text-align: left;\"><span style=\"color: #013850;\"><strong>STUDIOS de 25<\/strong><strong>m\u00b2 pour 1 ou 2 personnes<\/strong><\/span><\/h2>\n<p>&nbsp;<\/p>\n<p style=\"text-align: left;\">Nos studios sont spacieux, modernes et \u00e9l\u00e9gants dans une seule pi\u00e8ce id\u00e9ale pour une ou deux personnes.<\/p>\n<p>Ils sont l\u2019option id\u00e9ale si vous nous rendez visite pour le travail ou si votre s\u00e9jour est court, car ils vous offrent le confort d\u2019avoir tout \u00e0 port\u00e9e de main, tout en profitant de l\u2019espace de nos 25 m\u00e8tres carr\u00e9s.<\/p>\n<p>Les studios disposent d\u2019une pi\u00e8ce principale o\u00f9 vous trouverez un lit double confortable ou deux lits simples et une salle \u00e0 manger ou un espace de travail. Dans le distributeur, vous trouverez une grande armoire pour ranger vos bagages confortablement.<\/p>\n<p>Tous les studios disposent d\u2019une cuisine \u00e9quip\u00e9e et d\u2019une salle de bain compl\u00e8te.[\/vc_column_text][vc_row_inner column_margin=&#8221;default&#8221; column_direction=&#8221;default&#8221; column_direction_tablet=&#8221;default&#8221; column_direction_phone=&#8221;default&#8221; text_align=&#8221;left&#8221; row_position=&#8221;default&#8221; row_position_tablet=&#8221;inherit&#8221; row_position_phone=&#8221;inherit&#8221; overflow=&#8221;visible&#8221; pointer_events=&#8221;all&#8221;][vc_column_inner column_padding=&#8221;no-extra-padding&#8221; column_padding_tablet=&#8221;inherit&#8221; column_padding_phone=&#8221;inherit&#8221; column_padding_position=&#8221;all&#8221; column_element_direction_desktop=&#8221;default&#8221; column_element_spacing=&#8221;default&#8221; desktop_text_alignment=&#8221;default&#8221; tablet_text_alignment=&#8221;default&#8221; phone_text_alignment=&#8221;default&#8221; background_color_opacity=&#8221;1&#8243; background_hover_color_opacity=&#8221;1&#8243; column_backdrop_filter=&#8221;none&#8221; column_shadow=&#8221;none&#8221; column_border_radius=&#8221;none&#8221; column_link_target=&#8221;_self&#8221; overflow=&#8221;visible&#8221; gradient_direction=&#8221;left_to_right&#8221; overlay_strength=&#8221;0.3&#8243; width=&#8221;1\/1&#8243; tablet_width_inherit=&#8221;default&#8221; animation_type=&#8221;default&#8221; bg_image_animation=&#8221;none&#8221; border_type=&#8221;simple&#8221; column_border_width=&#8221;none&#8221; column_border_style=&#8221;solid&#8221;][nectar_btn size=&#8221;large&#8221; open_new_tab=&#8221;true&#8221; button_style=&#8221;regular&#8221; button_color_2=&#8221;Accent-Color&#8221; icon_family=&#8221;none&#8221; text=&#8221;R\u00e9server&#8221; url=&#8221;https:\/\/www.aparthotelcampus.es\/reservas\/&#8221; margin_top=&#8221;50&#8243;][\/vc_column_inner][\/vc_row_inner][\/vc_column][\/vc_row][vc_row type=&#8221;full_width_background&#8221; full_screen_row_position=&#8221;middle&#8221; column_margin=&#8221;default&#8221; column_direction=&#8221;default&#8221; column_direction_tablet=&#8221;default&#8221; column_direction_phone=&#8221;default&#8221; bg_color=&#8221;#e2e2e2&#8243; scene_position=&#8221;center&#8221; top_padding=&#8221;6%&#8221; bottom_padding=&#8221;6%&#8221; text_color=&#8221;dark&#8221; text_align=&#8221;left&#8221; row_border_radius=&#8221;none&#8221; row_border_radius_applies=&#8221;bg&#8221; overflow=&#8221;visible&#8221; overlay_strength=&#8221;0.3&#8243; gradient_direction=&#8221;left_to_right&#8221; shape_divider_position=&#8221;bottom&#8221; bg_image_animation=&#8221;none&#8221; row_type=&#8221;row&#8221; use_row_as_full_screen_section=&#8221;no&#8221; angled_section=&#8221;no&#8221; background_image_as_pattern=&#8221;without_pattern&#8221; padding_top=&#8221;80&#8243; padding_bottom=&#8221;54&#8243; css_animation=&#8221;&#8221; transition_delay=&#8221;150&#8243; gradient_type=&#8221;default&#8221; shape_type=&#8221;&#8221;][vc_column column_padding=&#8221;no-extra-padding&#8221; column_padding_tablet=&#8221;inherit&#8221; column_padding_phone=&#8221;inherit&#8221; column_padding_position=&#8221;all&#8221; column_element_direction_desktop=&#8221;default&#8221; column_element_spacing=&#8221;default&#8221; desktop_text_alignment=&#8221;default&#8221; tablet_text_alignment=&#8221;default&#8221; phone_text_alignment=&#8221;default&#8221; background_color_opacity=&#8221;1&#8243; background_hover_color_opacity=&#8221;1&#8243; column_backdrop_filter=&#8221;none&#8221; column_shadow=&#8221;none&#8221; column_border_radius=&#8221;none&#8221; column_link_target=&#8221;_self&#8221; column_position=&#8221;default&#8221; gradient_direction=&#8221;left_to_right&#8221; overlay_strength=&#8221;0.3&#8243; width=&#8221;1\/1&#8243; tablet_width_inherit=&#8221;default&#8221; animation_type=&#8221;default&#8221; bg_image_animation=&#8221;none&#8221; border_type=&#8221;simple&#8221; column_border_width=&#8221;none&#8221; column_border_style=&#8221;solid&#8221;][vc_row_inner column_margin=&#8221;default&#8221; column_direction=&#8221;default&#8221; column_direction_tablet=&#8221;default&#8221; column_direction_phone=&#8221;default&#8221; text_align=&#8221;center&#8221; row_position=&#8221;default&#8221; row_position_tablet=&#8221;inherit&#8221; row_position_phone=&#8221;inherit&#8221; overflow=&#8221;visible&#8221; pointer_events=&#8221;all&#8221; row_type=&#8221;row&#8221; type=&#8221;full_width&#8221; padding_top=&#8221;14&#8243; padding_bottom=&#8221;34&#8243; css_animation=&#8221;&#8221;][vc_column_inner column_padding=&#8221;no-extra-padding&#8221; column_padding_tablet=&#8221;inherit&#8221; column_padding_phone=&#8221;inherit&#8221; column_padding_position=&#8221;all&#8221; column_element_direction_desktop=&#8221;default&#8221; column_element_spacing=&#8221;default&#8221; desktop_text_alignment=&#8221;default&#8221; tablet_text_alignment=&#8221;default&#8221; phone_text_alignment=&#8221;default&#8221; background_color_opacity=&#8221;1&#8243; background_hover_color_opacity=&#8221;1&#8243; column_backdrop_filter=&#8221;none&#8221; column_shadow=&#8221;none&#8221; column_border_radius=&#8221;none&#8221; column_link_target=&#8221;_self&#8221; overflow=&#8221;visible&#8221; gradient_direction=&#8221;left_to_right&#8221; overlay_strength=&#8221;0.3&#8243; width=&#8221;2\/3&#8243; tablet_width_inherit=&#8221;default&#8221; animation_type=&#8221;default&#8221; bg_image_animation=&#8221;none&#8221; border_type=&#8221;simple&#8221; column_border_width=&#8221;none&#8221; column_border_style=&#8221;solid&#8221;][vc_gallery type=&#8221;image_grid&#8221; images=&#8221;26159,25699,25702,25681,25696,25373,25385&#8243; image_grid_loading=&#8221;default&#8221; layout=&#8221;2&#8243; item_spacing=&#8221;default&#8221; gallery_style=&#8221;7&#8243; load_in_animation=&#8221;none&#8221; img_size=&#8221;large&#8221; column_number=&#8221;2&#8243; grayscale=&#8221;no&#8221; images_space=&#8221;gallery_with_space&#8221;][\/vc_column_inner][vc_column_inner column_padding=&#8221;no-extra-padding&#8221; column_padding_tablet=&#8221;inherit&#8221; column_padding_phone=&#8221;inherit&#8221; column_padding_position=&#8221;all&#8221; column_element_direction_desktop=&#8221;default&#8221; column_element_spacing=&#8221;default&#8221; desktop_text_alignment=&#8221;default&#8221; tablet_text_alignment=&#8221;default&#8221; phone_text_alignment=&#8221;default&#8221; background_color_opacity=&#8221;1&#8243; background_hover_color_opacity=&#8221;1&#8243; column_backdrop_filter=&#8221;none&#8221; column_shadow=&#8221;none&#8221; column_border_radius=&#8221;none&#8221; column_link_target=&#8221;_self&#8221; overflow=&#8221;visible&#8221; gradient_direction=&#8221;left_to_right&#8221; overlay_strength=&#8221;0.3&#8243; width=&#8221;1\/3&#8243; tablet_width_inherit=&#8221;default&#8221; animation_type=&#8221;default&#8221; bg_image_animation=&#8221;none&#8221; border_type=&#8221;simple&#8221; column_border_width=&#8221;none&#8221; column_border_style=&#8221;solid&#8221;][vc_column_text]\n<h3 style=\"text-align: left;\"><span style=\"color: #013850;\"><strong>\u00c9QUIPEMENT \/ CARACT\u00c9RISTIQUES<\/strong><\/span><\/h3>\n[\/vc_column_text][divider line_type=&#8221;No Line&#8221; custom_height=&#8221;20&#8243;]<div class=\"nectar-fancy-ul font_line_height_1-5\" data-list-icon=\"icon-salient-thin-line\" data-animation=\"false\" data-animation-delay=\"0\" data-color=\"accent-color\" data-spacing=\"default\" data-alignment=\"left\"> \n<ul>\n<li style=\"text-align: left;\">Chauffage<\/li>\n<li style=\"text-align: left;\">Parquet<\/li>\n<li style=\"text-align: left;\">Wi-Fi gratuit<\/li>\n<li style=\"text-align: left;\">T\u00e9l\u00e9vision \u00e0 \u00e9cran plat<\/li>\n<li style=\"text-align: left;\">T\u00e9l\u00e9phone<\/li>\n<li style=\"text-align: left;\">Armoire spacieuse<\/li>\n<li style=\"text-align: left;\">Service de r\u00e9veil<\/li>\n<\/ul>\n <\/div><div class=\"nectar-fancy-ul font_line_height_1-5\" data-list-icon=\"icon-salient-thin-line\" data-animation=\"false\" data-animation-delay=\"0\" data-color=\"accent-color\" data-spacing=\"default\" data-alignment=\"left\"> \n<ul>\n<li style=\"text-align: left;\">Baignoire<\/li>\n<li style=\"text-align: left;\">Bidet<\/li>\n<li style=\"text-align: left;\">S\u00e8che-cheveux<\/li>\n<li style=\"text-align: left;\">Toilette<\/li>\n<li style=\"text-align: left;\">Serviettes<\/li>\n<\/ul>\n <\/div><div class=\"nectar-fancy-ul font_line_height_1-5\" data-list-icon=\"icon-salient-thin-line\" data-animation=\"false\" data-animation-delay=\"0\" data-color=\"accent-color\" data-spacing=\"default\" data-alignment=\"left\"> \n<ul>\n<li style=\"text-align: left;\">Table de salle \u00e0 manger ou de travail<\/li>\n<\/ul>\n <\/div><div class=\"nectar-fancy-ul font_line_height_1-5\" data-list-icon=\"icon-salient-thin-line\" data-animation=\"false\" data-animation-delay=\"0\" data-color=\"accent-color\" data-spacing=\"default\" data-alignment=\"left\"> \n<ul>\n<li style=\"text-align: left;\">Lutin<\/li>\n<li style=\"text-align: left;\">Frigo<\/li>\n<li style=\"text-align: left;\">Cafeti\u00e8re<\/li>\n<li style=\"text-align: left;\">Micro-ondes<\/li>\n<li style=\"text-align: left;\">M\u00e9nage<\/li>\n<\/ul>\n <\/div>[\/vc_column_inner][\/vc_row_inner][\/vc_column][\/vc_row]\n","protected":false},"excerpt":{"rendered":"<p>[vc_row type=&#8221;full_width_background&#8221; full_screen_row_position=&#8221;middle&#8221; column_margin=&#8221;default&#8221; column_direction=&#8221;default&#8221; column_direction_tablet=&#8221;default&#8221; column_direction_phone=&#8221;default&#8221; bg_color=&#8221;#e2e2e2&#8243; scene_position=&#8221;center&#8221; top_padding=&#8221;6%&#8221; text_color=&#8221;dark&#8221; text_align=&#8221;left&#8221; row_border_radius=&#8221;none&#8221; row_border_radius_applies=&#8221;bg&#8221; overflow=&#8221;visible&#8221; overlay_strength=&#8221;0.3&#8243; gradient_direction=&#8221;left_to_right&#8221; shape_divider_position=&#8221;bottom&#8221; bg_image_animation=&#8221;none&#8221; row_type=&#8221;row&#8221; use_row_as_full_screen_section=&#8221;no&#8221; angled_section=&#8221;no&#8221; background_image_as_pattern=&#8221;without_pattern&#8221; padding_top=&#8221;80&#8243; padding_bottom=&#8221;54&#8243; css_animation=&#8221;&#8221; transition_delay=&#8221;150&#8243; gradient_type=&#8221;default&#8221; shape_type=&#8221;&#8221;][vc_column column_padding=&#8221;no-extra-padding&#8221;&#8230;<\/p>\n","protected":false},"author":6,"featured_media":0,"parent":0,"menu_order":0,"comment_status":"open","ping_status":"closed","template":"","meta":{"footnotes":""},"class_list":["post-24261","page","type-page","status-publish"],"yoast_head":"<!-- This site is optimized with the Yoast SEO plugin v26.1.1 - https:\/\/yoast.com\/wordpress\/plugins\/seo\/ -->\n<title>Studios de l\u2019H\u00f4tel Aparthotel Campus \u00ae \u00e0 Oviedo, Espagne<\/title>\n<meta name=\"description\" content=\"L\u2019Aparthotel Campus dispose de studios. R\u00e9servez directement avec Aparthotel Campus au meilleur prix.\" \/>\n<meta name=\"robots\" content=\"index, follow, max-snippet:-1, max-image-preview:large, max-video-preview:-1\" \/>\n<link rel=\"canonical\" href=\"https:\/\/www.aparthotelcampus.es\/fr\/etudes\/\" \/>\n<meta property=\"og:locale\" content=\"fr_FR\" \/>\n<meta property=\"og:type\" content=\"article\" \/>\n<meta property=\"og:title\" content=\"Studios de l\u2019H\u00f4tel Aparthotel Campus \u00ae \u00e0 Oviedo, Espagne\" \/>\n<meta property=\"og:description\" content=\"L\u2019Aparthotel Campus dispose de studios. R\u00e9servez directement avec Aparthotel Campus au meilleur prix.\" \/>\n<meta property=\"og:url\" content=\"https:\/\/www.aparthotelcampus.es\/fr\/etudes\/\" \/>\n<meta property=\"og:site_name\" content=\"Aparthotel Campus\" \/>\n<meta property=\"article:modified_time\" content=\"2024-04-08T18:20:43+00:00\" \/>\n<meta name=\"twitter:card\" content=\"summary_large_image\" \/>\n<meta name=\"twitter:label1\" content=\"Est. reading time\" \/>\n\t<meta name=\"twitter:data1\" content=\"4 minutes\" \/>\n<script type=\"application\/ld+json\" class=\"yoast-schema-graph\">{\"@context\":\"https:\/\/schema.org\",\"@graph\":[{\"@type\":\"WebPage\",\"@id\":\"https:\/\/www.aparthotelcampus.es\/fr\/etudes\/\",\"url\":\"https:\/\/www.aparthotelcampus.es\/fr\/etudes\/\",\"name\":\"Studios de l\u2019H\u00f4tel Aparthotel Campus \u00ae \u00e0 Oviedo, Espagne\",\"isPartOf\":{\"@id\":\"https:\/\/www.aparthotelcampus.es\/fr\/#website\"},\"datePublished\":\"2019-09-24T07:32:20+00:00\",\"dateModified\":\"2024-04-08T18:20:43+00:00\",\"description\":\"L\u2019Aparthotel Campus dispose de studios. R\u00e9servez directement avec Aparthotel Campus au meilleur prix.\",\"breadcrumb\":{\"@id\":\"https:\/\/www.aparthotelcampus.es\/fr\/etudes\/#breadcrumb\"},\"inLanguage\":\"fr-FR\",\"potentialAction\":[{\"@type\":\"ReadAction\",\"target\":[\"https:\/\/www.aparthotelcampus.es\/fr\/etudes\/\"]}]},{\"@type\":\"BreadcrumbList\",\"@id\":\"https:\/\/www.aparthotelcampus.es\/fr\/etudes\/#breadcrumb\",\"itemListElement\":[{\"@type\":\"ListItem\",\"position\":1,\"name\":\"Portada\",\"item\":\"https:\/\/www.aparthotelcampus.es\/fr\/lhotel\/\"},{\"@type\":\"ListItem\",\"position\":2,\"name\":\"Studio\"}]},{\"@type\":\"WebSite\",\"@id\":\"https:\/\/www.aparthotelcampus.es\/fr\/#website\",\"url\":\"https:\/\/www.aparthotelcampus.es\/fr\/\",\"name\":\"Aparthotel Campus\",\"description\":\"Aparthotel Campus\",\"potentialAction\":[{\"@type\":\"SearchAction\",\"target\":{\"@type\":\"EntryPoint\",\"urlTemplate\":\"https:\/\/www.aparthotelcampus.es\/fr\/?s={search_term_string}\"},\"query-input\":{\"@type\":\"PropertyValueSpecification\",\"valueRequired\":true,\"valueName\":\"search_term_string\"}}],\"inLanguage\":\"fr-FR\"}]}<\/script>\n<!-- \/ Yoast SEO plugin. -->","yoast_head_json":{"title":"Studios de l\u2019H\u00f4tel Aparthotel Campus \u00ae \u00e0 Oviedo, Espagne","description":"L\u2019Aparthotel Campus dispose de studios. R\u00e9servez directement avec Aparthotel Campus au meilleur prix.","robots":{"index":"index","follow":"follow","max-snippet":"max-snippet:-1","max-image-preview":"max-image-preview:large","max-video-preview":"max-video-preview:-1"},"canonical":"https:\/\/www.aparthotelcampus.es\/fr\/etudes\/","og_locale":"fr_FR","og_type":"article","og_title":"Studios de l\u2019H\u00f4tel Aparthotel Campus \u00ae \u00e0 Oviedo, Espagne","og_description":"L\u2019Aparthotel Campus dispose de studios. R\u00e9servez directement avec Aparthotel Campus au meilleur prix.","og_url":"https:\/\/www.aparthotelcampus.es\/fr\/etudes\/","og_site_name":"Aparthotel Campus","article_modified_time":"2024-04-08T18:20:43+00:00","twitter_card":"summary_large_image","twitter_misc":{"Est. reading time":"4 minutes"},"schema":{"@context":"https:\/\/schema.org","@graph":[{"@type":"WebPage","@id":"https:\/\/www.aparthotelcampus.es\/fr\/etudes\/","url":"https:\/\/www.aparthotelcampus.es\/fr\/etudes\/","name":"Studios de l\u2019H\u00f4tel Aparthotel Campus \u00ae \u00e0 Oviedo, Espagne","isPartOf":{"@id":"https:\/\/www.aparthotelcampus.es\/fr\/#website"},"datePublished":"2019-09-24T07:32:20+00:00","dateModified":"2024-04-08T18:20:43+00:00","description":"L\u2019Aparthotel Campus dispose de studios. R\u00e9servez directement avec Aparthotel Campus au meilleur prix.","breadcrumb":{"@id":"https:\/\/www.aparthotelcampus.es\/fr\/etudes\/#breadcrumb"},"inLanguage":"fr-FR","potentialAction":[{"@type":"ReadAction","target":["https:\/\/www.aparthotelcampus.es\/fr\/etudes\/"]}]},{"@type":"BreadcrumbList","@id":"https:\/\/www.aparthotelcampus.es\/fr\/etudes\/#breadcrumb","itemListElement":[{"@type":"ListItem","position":1,"name":"Portada","item":"https:\/\/www.aparthotelcampus.es\/fr\/lhotel\/"},{"@type":"ListItem","position":2,"name":"Studio"}]},{"@type":"WebSite","@id":"https:\/\/www.aparthotelcampus.es\/fr\/#website","url":"https:\/\/www.aparthotelcampus.es\/fr\/","name":"Aparthotel Campus","description":"Aparthotel Campus","potentialAction":[{"@type":"SearchAction","target":{"@type":"EntryPoint","urlTemplate":"https:\/\/www.aparthotelcampus.es\/fr\/?s={search_term_string}"},"query-input":{"@type":"PropertyValueSpecification","valueRequired":true,"valueName":"search_term_string"}}],"inLanguage":"fr-FR"}]}},"_links":{"self":[{"href":"https:\/\/www.aparthotelcampus.es\/fr\/wp-json\/wp\/v2\/pages\/24261","targetHints":{"allow":["GET"]}}],"collection":[{"href":"https:\/\/www.aparthotelcampus.es\/fr\/wp-json\/wp\/v2\/pages"}],"about":[{"href":"https:\/\/www.aparthotelcampus.es\/fr\/wp-json\/wp\/v2\/types\/page"}],"author":[{"embeddable":true,"href":"https:\/\/www.aparthotelcampus.es\/fr\/wp-json\/wp\/v2\/users\/6"}],"replies":[{"embeddable":true,"href":"https:\/\/www.aparthotelcampus.es\/fr\/wp-json\/wp\/v2\/comments?post=24261"}],"version-history":[{"count":47,"href":"https:\/\/www.aparthotelcampus.es\/fr\/wp-json\/wp\/v2\/pages\/24261\/revisions"}],"predecessor-version":[{"id":28681,"href":"https:\/\/www.aparthotelcampus.es\/fr\/wp-json\/wp\/v2\/pages\/24261\/revisions\/28681"}],"wp:attachment":[{"href":"https:\/\/www.aparthotelcampus.es\/fr\/wp-json\/wp\/v2\/media?parent=24261"}],"curies":[{"name":"wp","href":"https:\/\/api.w.org\/{rel}","templated":true}]}}