{"id":27168,"date":"2023-03-21T10:19:46","date_gmt":"2023-03-21T09:19:46","guid":{"rendered":"https:\/\/www.aparthotelcampus.es\/?page_id=27168"},"modified":"2024-02-03T22:57:54","modified_gmt":"2024-02-03T21:57:54","slug":"durabilite","status":"publish","type":"page","link":"https:\/\/www.aparthotelcampus.es\/fr\/durabilite\/","title":{"rendered":"Durabilit\u00e9"},"content":{"rendered":"[vc_row row_type=&#8221;row&#8221; use_row_as_full_screen_section=&#8221;no&#8221; type=&#8221;grid&#8221; angled_section=&#8221;no&#8221; text_align=&#8221;left&#8221; background_image_as_pattern=&#8221;without_pattern&#8221; padding_top=&#8221;80&#8243; padding_bottom=&#8221;40&#8243; css_animation=&#8221;&#8221;][vc_column][vc_column_text]\n<h1><strong><span style=\"color: #084f70;\">UN ENGAGEMENT POUR L\u2019AVENIR<\/span><\/strong><\/h1>\n<p>&nbsp;<\/p>\n<p>Depuis des ann\u00e9es, nous adoptons des pratiques et des initiatives durables dans tous nos domaines d\u2019activit\u00e9. Nous nous effor\u00e7ons de minimiser notre impact sur l\u2019environnement et de contribuer \u00e0 la protection des ressources naturelles.<\/p>\n<p>&nbsp;<\/p>\n<p>Parmi les initiatives que nous avons mises en \u0153uvre, citons la r\u00e9duction de la consommation d\u2019\u00e9nergie et d\u2019eau dans nos installations, l\u2019utilisation de mat\u00e9riaux durables et la promotion du tourisme responsable dans notre communaut\u00e9.<\/p>\n<p>&nbsp;<\/p>\n<p>En tant que client, nous vous invitons \u00e0 nous rejoindre dans notre engagement en faveur de la durabilit\u00e9 en adoptant des pratiques telles que l\u2019utilisation consciente des serviettes et des draps, une bonne gestion des d\u00e9chets et une consommation responsable d\u2019eau et d\u2019\u00e9nergie pendant votre s\u00e9jour.<\/p>\n<p>&nbsp;<\/p>\n<p>Nous croyons que la durabilit\u00e9 est essentielle pour assurer un avenir meilleur et plus durable pour tous, et nous sommes fiers de faire notre part.[\/vc_column_text][\/vc_column][\/vc_row][vc_row row_type=&#8221;row&#8221; use_row_as_full_screen_section=&#8221;no&#8221; type=&#8221;grid&#8221; angled_section=&#8221;no&#8221; text_align=&#8221;left&#8221; background_image_as_pattern=&#8221;without_pattern&#8221; padding_top=&#8221;40&#8243; padding_bottom=&#8221;40&#8243; css_animation=&#8221;&#8221;][vc_column width=&#8221;1\/2&#8243;][vc_column_text]\n<h1><strong><span style=\"color: #084f70;\">Nous avons re\u00e7u la certification S pour le d\u00e9veloppement durable<\/span><\/strong><\/h1>\n<p>&nbsp;<\/p>\n<div class=\"page\" title=\"Page 5 (en anglais)\">\n<div class=\"section\">\n<div class=\"layoutArea\">\n<div class=\"column\">\n<p>En reconnaissance des premiers pas que nous commen\u00e7ons \u00e0 faire dans ce domaine, nous avons re\u00e7u le certificat S pour le tourisme durable, une distinction cr\u00e9\u00e9e par l\u2019ICTE (Institut pour la qualit\u00e9 du tourisme espagnol) pour aider et garantir la mise en \u0153uvre des objectifs de d\u00e9veloppement durable de l\u2019Agenda 2030 des Nations Unies dans les \u00e9tablissements.  services et destinations touristiques.<\/p>\n<p>La c\u00e9r\u00e9monie officielle de remise des prix a eu lieu au Fitur en pr\u00e9sence de la repr\u00e9sentation du directeur de l\u2019h\u00f4tel.<\/p>\n<\/div>\n<\/div>\n<\/div>\n<\/div>\n[\/vc_column_text][\/vc_column][vc_column width=&#8221;1\/2&#8243;][vc_single_image image=&#8221;27171&#8243; img_size=&#8221;full&#8221; qode_css_animation=&#8221;&#8221;][\/vc_column][\/vc_row][vc_row row_type=&#8221;row&#8221; use_row_as_full_screen_section=&#8221;no&#8221; type=&#8221;grid&#8221; angled_section=&#8221;no&#8221; text_align=&#8221;left&#8221; background_image_as_pattern=&#8221;without_pattern&#8221; padding_bottom=&#8221;40&#8243; css_animation=&#8221;&#8221;][vc_column width=&#8221;2\/3&#8243;][vc_column_text]\n<h1><strong><span style=\"color: #084f70;\">Rapport sur le d\u00e9veloppement durable<\/span><\/strong><\/h1>\n<p>&nbsp;<\/p>\n<div class=\"page\" title=\"Page 5 (en anglais)\">\n<div class=\"section\">\n<div class=\"layoutArea\">\n<div class=\"column\">\n<p>Nous mettons \u00e0 votre disposition le Rapport r\u00e9alis\u00e9 en septembre 2022, dans lequel vous trouverez en d\u00e9tail toutes les interventions que nous avons effectu\u00e9es.<\/p>\n<\/div>\n<\/div>\n<\/div>\n<\/div>\n[\/vc_column_text]<a class=\"nectar-button n-sc-button large accent-color regular-button\"  href=\"#\" data-color-override=\"false\" data-hover-color-override=\"false\" data-hover-text-color-override=\"#fff\"><span>Descarga la Memoria<\/span><\/a>[\/vc_column][vc_column width=&#8221;1\/3&#8243;][\/vc_column][\/vc_row]\n","protected":false},"excerpt":{"rendered":"<p>[vc_row row_type=&#8221;row&#8221; use_row_as_full_screen_section=&#8221;no&#8221; type=&#8221;grid&#8221; angled_section=&#8221;no&#8221; text_align=&#8221;left&#8221; background_image_as_pattern=&#8221;without_pattern&#8221; padding_top=&#8221;80&#8243; padding_bottom=&#8221;40&#8243; css_animation=&#8221;&#8221;][vc_column][vc_column_text] UN ENGAGEMENT POUR L\u2019AVENIR &nbsp; Depuis des ann\u00e9es, nous adoptons des pratiques et des initiatives durables dans tous nos domaines&#8230;<\/p>\n","protected":false},"author":6,"featured_media":0,"parent":0,"menu_order":0,"comment_status":"open","ping_status":"closed","template":"","meta":{"footnotes":""},"class_list":["post-27168","page","type-page","status-publish"],"yoast_head":"<!-- This site is optimized with the Yoast SEO plugin v26.1.1 - https:\/\/yoast.com\/wordpress\/plugins\/seo\/ -->\n<title>Un engagement pour l\u2019avenir - Aparthotel Campus \u00ae \u00e0 Oviedo, Espagne<\/title>\n<meta name=\"description\" content=\"Depuis de nombreuses ann\u00e9es, nous adoptons des pratiques et des initiatives durables dans tous les domaines de notre travail et nous nous effor\u00e7ons de minimiser notre impact sur l\u2019environnement et de contribuer \u00e0 la protection des ressources naturelles. Parmi les initiatives que nous avons mises en \u0153uvre, citons la r\u00e9duction de la consommation d\u2019\u00e9nergie et d\u2019eau dans nos installations, l\u2019utilisation de mat\u00e9riaux durables et la promotion du tourisme responsable dans notre communaut\u00e9.\" \/>\n<meta name=\"robots\" content=\"index, follow, max-snippet:-1, max-image-preview:large, max-video-preview:-1\" \/>\n<link rel=\"canonical\" href=\"https:\/\/www.aparthotelcampus.es\/fr\/durabilite\/\" \/>\n<meta property=\"og:locale\" content=\"fr_FR\" \/>\n<meta property=\"og:type\" content=\"article\" \/>\n<meta property=\"og:title\" content=\"Un engagement pour l\u2019avenir - Aparthotel Campus \u00ae \u00e0 Oviedo, Espagne\" \/>\n<meta property=\"og:description\" content=\"Depuis de nombreuses ann\u00e9es, nous adoptons des pratiques et des initiatives durables dans tous les domaines de notre travail et nous nous effor\u00e7ons de minimiser notre impact sur l\u2019environnement et de contribuer \u00e0 la protection des ressources naturelles. Parmi les initiatives que nous avons mises en \u0153uvre, citons la r\u00e9duction de la consommation d\u2019\u00e9nergie et d\u2019eau dans nos installations, l\u2019utilisation de mat\u00e9riaux durables et la promotion du tourisme responsable dans notre communaut\u00e9.\" \/>\n<meta property=\"og:url\" content=\"https:\/\/www.aparthotelcampus.es\/fr\/durabilite\/\" \/>\n<meta property=\"og:site_name\" content=\"Aparthotel Campus\" \/>\n<meta property=\"article:modified_time\" content=\"2024-02-03T21:57:54+00:00\" \/>\n<meta name=\"twitter:card\" content=\"summary_large_image\" \/>\n<meta name=\"twitter:label1\" content=\"Est. reading time\" \/>\n\t<meta name=\"twitter:data1\" content=\"2 minutes\" \/>\n<script type=\"application\/ld+json\" class=\"yoast-schema-graph\">{\"@context\":\"https:\/\/schema.org\",\"@graph\":[{\"@type\":\"WebPage\",\"@id\":\"https:\/\/www.aparthotelcampus.es\/fr\/durabilite\/\",\"url\":\"https:\/\/www.aparthotelcampus.es\/fr\/durabilite\/\",\"name\":\"Un engagement pour l\u2019avenir - Aparthotel Campus \u00ae \u00e0 Oviedo, Espagne\",\"isPartOf\":{\"@id\":\"https:\/\/www.aparthotelcampus.es\/fr\/#website\"},\"datePublished\":\"2023-03-21T09:19:46+00:00\",\"dateModified\":\"2024-02-03T21:57:54+00:00\",\"description\":\"Depuis de nombreuses ann\u00e9es, nous adoptons des pratiques et des initiatives durables dans tous les domaines de notre travail et nous nous effor\u00e7ons de minimiser notre impact sur l\u2019environnement et de contribuer \u00e0 la protection des ressources naturelles. Parmi les initiatives que nous avons mises en \u0153uvre, citons la r\u00e9duction de la consommation d\u2019\u00e9nergie et d\u2019eau dans nos installations, l\u2019utilisation de mat\u00e9riaux durables et la promotion du tourisme responsable dans notre communaut\u00e9.\",\"breadcrumb\":{\"@id\":\"https:\/\/www.aparthotelcampus.es\/fr\/durabilite\/#breadcrumb\"},\"inLanguage\":\"fr-FR\",\"potentialAction\":[{\"@type\":\"ReadAction\",\"target\":[\"https:\/\/www.aparthotelcampus.es\/fr\/durabilite\/\"]}]},{\"@type\":\"BreadcrumbList\",\"@id\":\"https:\/\/www.aparthotelcampus.es\/fr\/durabilite\/#breadcrumb\",\"itemListElement\":[{\"@type\":\"ListItem\",\"position\":1,\"name\":\"Portada\",\"item\":\"https:\/\/www.aparthotelcampus.es\/fr\/lhotel\/\"},{\"@type\":\"ListItem\",\"position\":2,\"name\":\"Durabilit\u00e9\"}]},{\"@type\":\"WebSite\",\"@id\":\"https:\/\/www.aparthotelcampus.es\/fr\/#website\",\"url\":\"https:\/\/www.aparthotelcampus.es\/fr\/\",\"name\":\"Aparthotel Campus\",\"description\":\"Aparthotel Campus\",\"potentialAction\":[{\"@type\":\"SearchAction\",\"target\":{\"@type\":\"EntryPoint\",\"urlTemplate\":\"https:\/\/www.aparthotelcampus.es\/fr\/?s={search_term_string}\"},\"query-input\":{\"@type\":\"PropertyValueSpecification\",\"valueRequired\":true,\"valueName\":\"search_term_string\"}}],\"inLanguage\":\"fr-FR\"}]}<\/script>\n<!-- \/ Yoast SEO plugin. -->","yoast_head_json":{"title":"Un engagement pour l\u2019avenir - Aparthotel Campus \u00ae \u00e0 Oviedo, Espagne","description":"Depuis de nombreuses ann\u00e9es, nous adoptons des pratiques et des initiatives durables dans tous les domaines de notre travail et nous nous effor\u00e7ons de minimiser notre impact sur l\u2019environnement et de contribuer \u00e0 la protection des ressources naturelles. Parmi les initiatives que nous avons mises en \u0153uvre, citons la r\u00e9duction de la consommation d\u2019\u00e9nergie et d\u2019eau dans nos installations, l\u2019utilisation de mat\u00e9riaux durables et la promotion du tourisme responsable dans notre communaut\u00e9.","robots":{"index":"index","follow":"follow","max-snippet":"max-snippet:-1","max-image-preview":"max-image-preview:large","max-video-preview":"max-video-preview:-1"},"canonical":"https:\/\/www.aparthotelcampus.es\/fr\/durabilite\/","og_locale":"fr_FR","og_type":"article","og_title":"Un engagement pour l\u2019avenir - Aparthotel Campus \u00ae \u00e0 Oviedo, Espagne","og_description":"Depuis de nombreuses ann\u00e9es, nous adoptons des pratiques et des initiatives durables dans tous les domaines de notre travail et nous nous effor\u00e7ons de minimiser notre impact sur l\u2019environnement et de contribuer \u00e0 la protection des ressources naturelles. Parmi les initiatives que nous avons mises en \u0153uvre, citons la r\u00e9duction de la consommation d\u2019\u00e9nergie et d\u2019eau dans nos installations, l\u2019utilisation de mat\u00e9riaux durables et la promotion du tourisme responsable dans notre communaut\u00e9.","og_url":"https:\/\/www.aparthotelcampus.es\/fr\/durabilite\/","og_site_name":"Aparthotel Campus","article_modified_time":"2024-02-03T21:57:54+00:00","twitter_card":"summary_large_image","twitter_misc":{"Est. reading time":"2 minutes"},"schema":{"@context":"https:\/\/schema.org","@graph":[{"@type":"WebPage","@id":"https:\/\/www.aparthotelcampus.es\/fr\/durabilite\/","url":"https:\/\/www.aparthotelcampus.es\/fr\/durabilite\/","name":"Un engagement pour l\u2019avenir - Aparthotel Campus \u00ae \u00e0 Oviedo, Espagne","isPartOf":{"@id":"https:\/\/www.aparthotelcampus.es\/fr\/#website"},"datePublished":"2023-03-21T09:19:46+00:00","dateModified":"2024-02-03T21:57:54+00:00","description":"Depuis de nombreuses ann\u00e9es, nous adoptons des pratiques et des initiatives durables dans tous les domaines de notre travail et nous nous effor\u00e7ons de minimiser notre impact sur l\u2019environnement et de contribuer \u00e0 la protection des ressources naturelles. Parmi les initiatives que nous avons mises en \u0153uvre, citons la r\u00e9duction de la consommation d\u2019\u00e9nergie et d\u2019eau dans nos installations, l\u2019utilisation de mat\u00e9riaux durables et la promotion du tourisme responsable dans notre communaut\u00e9.","breadcrumb":{"@id":"https:\/\/www.aparthotelcampus.es\/fr\/durabilite\/#breadcrumb"},"inLanguage":"fr-FR","potentialAction":[{"@type":"ReadAction","target":["https:\/\/www.aparthotelcampus.es\/fr\/durabilite\/"]}]},{"@type":"BreadcrumbList","@id":"https:\/\/www.aparthotelcampus.es\/fr\/durabilite\/#breadcrumb","itemListElement":[{"@type":"ListItem","position":1,"name":"Portada","item":"https:\/\/www.aparthotelcampus.es\/fr\/lhotel\/"},{"@type":"ListItem","position":2,"name":"Durabilit\u00e9"}]},{"@type":"WebSite","@id":"https:\/\/www.aparthotelcampus.es\/fr\/#website","url":"https:\/\/www.aparthotelcampus.es\/fr\/","name":"Aparthotel Campus","description":"Aparthotel Campus","potentialAction":[{"@type":"SearchAction","target":{"@type":"EntryPoint","urlTemplate":"https:\/\/www.aparthotelcampus.es\/fr\/?s={search_term_string}"},"query-input":{"@type":"PropertyValueSpecification","valueRequired":true,"valueName":"search_term_string"}}],"inLanguage":"fr-FR"}]}},"_links":{"self":[{"href":"https:\/\/www.aparthotelcampus.es\/fr\/wp-json\/wp\/v2\/pages\/27168","targetHints":{"allow":["GET"]}}],"collection":[{"href":"https:\/\/www.aparthotelcampus.es\/fr\/wp-json\/wp\/v2\/pages"}],"about":[{"href":"https:\/\/www.aparthotelcampus.es\/fr\/wp-json\/wp\/v2\/types\/page"}],"author":[{"embeddable":true,"href":"https:\/\/www.aparthotelcampus.es\/fr\/wp-json\/wp\/v2\/users\/6"}],"replies":[{"embeddable":true,"href":"https:\/\/www.aparthotelcampus.es\/fr\/wp-json\/wp\/v2\/comments?post=27168"}],"version-history":[{"count":5,"href":"https:\/\/www.aparthotelcampus.es\/fr\/wp-json\/wp\/v2\/pages\/27168\/revisions"}],"predecessor-version":[{"id":27853,"href":"https:\/\/www.aparthotelcampus.es\/fr\/wp-json\/wp\/v2\/pages\/27168\/revisions\/27853"}],"wp:attachment":[{"href":"https:\/\/www.aparthotelcampus.es\/fr\/wp-json\/wp\/v2\/media?parent=27168"}],"curies":[{"name":"wp","href":"https:\/\/api.w.org\/{rel}","templated":true}]}}